{"id":6151,"date":"2020-11-11T08:33:44","date_gmt":"2020-11-11T08:33:44","guid":{"rendered":"https:\/\/www.thebusinesscouncil.ca\/?page_id=6151"},"modified":"2020-11-11T08:34:20","modified_gmt":"2020-11-11T08:34:20","slug":"conditions","status":"publish","type":"page","link":"https:\/\/www.thebusinesscouncil.ca\/fr\/conditions\/","title":{"rendered":"Conditions"},"content":{"rendered":"\n<p>\u00c0 moins d\u2019indication contraire, tout le contenu publi\u00e9 dans ce site est la propri\u00e9t\u00e9 du Conseil canadien des affaires et est prot\u00e9g\u00e9 par la <em>Loi sur le droit d\u2019auteur<\/em> et les autres lois canadiennes applicables. L\u2019utilisation des documents, en tout ou en partie, pour des fins l\u00e9gitimes de recherche, d\u2019\u00e9tudes, d\u2019analyse de politiques publiques et de discussion est autoris\u00e9e, pourvu que la source originale soit bien indiqu\u00e9e. L\u2019utilisation \u00e0 des fins commerciales de publications ou de renseignements figurant dans ce site n\u2019est pas permise \u00e0 moins d\u2019en avoir obtenu au pr\u00e9alable l\u2019autorisation \u00e9crite du Conseil. &nbsp;&nbsp;&nbsp;<\/p>\n","protected":false},"excerpt":{"rendered":"<p>\u00c0 moins d\u2019indication contraire, tout le contenu publi\u00e9 dans ce site est la propri\u00e9t\u00e9 du Conseil canadien des affaires et est prot\u00e9g\u00e9 par la Loi sur le droit d\u2019auteur et les autres lois canadiennes applicables. L\u2019utilisation des documents, en tout&#8230;<\/p>\n","protected":false},"author":3,"featured_media":0,"parent":0,"menu_order":13,"comment_status":"closed","ping_status":"closed","template":"","meta":{"_acf_changed":false,"inline_featured_image":false,"footnotes":""},"post_types":[],"topics":[],"wf_page_folders":[],"class_list":["post-6151","page","type-page","status-publish","hentry"],"acf":[],"yoast_head":"<!-- This site is optimized with the Yoast SEO plugin v27.1.1 - https:\/\/yoast.com\/product\/yoast-seo-wordpress\/ -->\n<title>Conditions | Business Council of Canada<\/title>\n<meta name=\"robots\" content=\"index, follow, max-snippet:-1, max-image-preview:large, max-video-preview:-1\" \/>\n<link rel=\"canonical\" href=\"https:\/\/thebusinesscouncil.ca\/fr\/conditions\/\" \/>\n<meta property=\"og:locale\" content=\"fr_FR\" \/>\n<meta property=\"og:type\" content=\"article\" \/>\n<meta property=\"og:title\" content=\"Conditions | Business Council of Canada\" \/>\n<meta property=\"og:description\" content=\"\u00c0 moins d\u2019indication contraire, tout le contenu publi\u00e9 dans ce site est la propri\u00e9t\u00e9 du Conseil canadien des affaires et est prot\u00e9g\u00e9 par la Loi sur le droit d\u2019auteur et les autres lois canadiennes applicables. L\u2019utilisation des documents, en tout...\" \/>\n<meta property=\"og:url\" content=\"https:\/\/thebusinesscouncil.ca\/fr\/conditions\/\" \/>\n<meta property=\"og:site_name\" content=\"Business Council of Canada\" \/>\n<meta property=\"article:modified_time\" content=\"2020-11-11T08:34:20+00:00\" \/>\n<meta property=\"og:image\" content=\"https:\/\/www.thebusinesscouncil.ca\/wp-content\/uploads\/2020\/10\/Business-Council-of-Canada-Generic.png\" \/>\n\t<meta property=\"og:image:width\" content=\"1440\" \/>\n\t<meta property=\"og:image:height\" content=\"900\" \/>\n\t<meta property=\"og:image:type\" content=\"image\/png\" \/>\n<meta name=\"twitter:card\" content=\"summary_large_image\" \/>\n<meta name=\"twitter:site\" content=\"@BizCouncilofCan\" \/>\n<script type=\"application\/ld+json\" class=\"yoast-schema-graph\">{\"@context\":\"https:\/\/schema.org\",\"@graph\":[{\"@type\":\"WebPage\",\"@id\":\"https:\/\/thebusinesscouncil.ca\/fr\/conditions\/\",\"url\":\"https:\/\/thebusinesscouncil.ca\/fr\/conditions\/\",\"name\":\"Conditions | Business Council of Canada\",\"isPartOf\":{\"@id\":\"https:\/\/www.thebusinesscouncil.ca\/#website\"},\"datePublished\":\"2020-11-11T08:33:44+00:00\",\"dateModified\":\"2020-11-11T08:34:20+00:00\",\"breadcrumb\":{\"@id\":\"https:\/\/thebusinesscouncil.ca\/fr\/conditions\/#breadcrumb\"},\"inLanguage\":\"fr-FR\",\"potentialAction\":[{\"@type\":\"ReadAction\",\"target\":[\"https:\/\/thebusinesscouncil.ca\/fr\/conditions\/\"]}]},{\"@type\":\"BreadcrumbList\",\"@id\":\"https:\/\/thebusinesscouncil.ca\/fr\/conditions\/#breadcrumb\",\"itemListElement\":[{\"@type\":\"ListItem\",\"position\":1,\"name\":\"Home\",\"item\":\"https:\/\/www.thebusinesscouncil.ca\/fr\/\"},{\"@type\":\"ListItem\",\"position\":2,\"name\":\"Conditions\"}]},{\"@type\":\"WebSite\",\"@id\":\"https:\/\/www.thebusinesscouncil.ca\/#website\",\"url\":\"https:\/\/www.thebusinesscouncil.ca\/\",\"name\":\"Business Council of Canada\",\"description\":\"\",\"publisher\":{\"@id\":\"https:\/\/www.thebusinesscouncil.ca\/#organization\"},\"potentialAction\":[{\"@type\":\"SearchAction\",\"target\":{\"@type\":\"EntryPoint\",\"urlTemplate\":\"https:\/\/www.thebusinesscouncil.ca\/?s={search_term_string}\"},\"query-input\":{\"@type\":\"PropertyValueSpecification\",\"valueRequired\":true,\"valueName\":\"search_term_string\"}}],\"inLanguage\":\"fr-FR\"},{\"@type\":\"Organization\",\"@id\":\"https:\/\/www.thebusinesscouncil.ca\/#organization\",\"name\":\"Business Council of Canada\",\"url\":\"https:\/\/www.thebusinesscouncil.ca\/\",\"logo\":{\"@type\":\"ImageObject\",\"inLanguage\":\"fr-FR\",\"@id\":\"https:\/\/www.thebusinesscouncil.ca\/#\/schema\/logo\/image\/\",\"url\":\"https:\/\/www.thebusinesscouncil.ca\/wp-content\/uploads\/2020\/10\/Business-Council-of-Canada-Generic.png\",\"contentUrl\":\"https:\/\/www.thebusinesscouncil.ca\/wp-content\/uploads\/2020\/10\/Business-Council-of-Canada-Generic.png\",\"width\":1440,\"height\":900,\"caption\":\"Business Council of Canada\"},\"image\":{\"@id\":\"https:\/\/www.thebusinesscouncil.ca\/#\/schema\/logo\/image\/\"},\"sameAs\":[\"https:\/\/x.com\/BizCouncilofCan\",\"https:\/\/www.linkedin.com\/company\/business-council-of-canda\",\"https:\/\/www.youtube.com\/user\/CdnCEOCouncil\"]}]}<\/script>\n<!-- \/ Yoast SEO plugin. -->","yoast_head_json":{"title":"Conditions | Business Council of Canada","robots":{"index":"index","follow":"follow","max-snippet":"max-snippet:-1","max-image-preview":"max-image-preview:large","max-video-preview":"max-video-preview:-1"},"canonical":"https:\/\/thebusinesscouncil.ca\/fr\/conditions\/","og_locale":"fr_FR","og_type":"article","og_title":"Conditions | Business Council of Canada","og_description":"\u00c0 moins d\u2019indication contraire, tout le contenu publi\u00e9 dans ce site est la propri\u00e9t\u00e9 du Conseil canadien des affaires et est prot\u00e9g\u00e9 par la Loi sur le droit d\u2019auteur et les autres lois canadiennes applicables. L\u2019utilisation des documents, en tout...","og_url":"https:\/\/thebusinesscouncil.ca\/fr\/conditions\/","og_site_name":"Business Council of Canada","article_modified_time":"2020-11-11T08:34:20+00:00","og_image":[{"width":1440,"height":900,"url":"https:\/\/www.thebusinesscouncil.ca\/wp-content\/uploads\/2020\/10\/Business-Council-of-Canada-Generic.png","type":"image\/png"}],"twitter_card":"summary_large_image","twitter_site":"@BizCouncilofCan","schema":{"@context":"https:\/\/schema.org","@graph":[{"@type":"WebPage","@id":"https:\/\/thebusinesscouncil.ca\/fr\/conditions\/","url":"https:\/\/thebusinesscouncil.ca\/fr\/conditions\/","name":"Conditions | Business Council of Canada","isPartOf":{"@id":"https:\/\/www.thebusinesscouncil.ca\/#website"},"datePublished":"2020-11-11T08:33:44+00:00","dateModified":"2020-11-11T08:34:20+00:00","breadcrumb":{"@id":"https:\/\/thebusinesscouncil.ca\/fr\/conditions\/#breadcrumb"},"inLanguage":"fr-FR","potentialAction":[{"@type":"ReadAction","target":["https:\/\/thebusinesscouncil.ca\/fr\/conditions\/"]}]},{"@type":"BreadcrumbList","@id":"https:\/\/thebusinesscouncil.ca\/fr\/conditions\/#breadcrumb","itemListElement":[{"@type":"ListItem","position":1,"name":"Home","item":"https:\/\/www.thebusinesscouncil.ca\/fr\/"},{"@type":"ListItem","position":2,"name":"Conditions"}]},{"@type":"WebSite","@id":"https:\/\/www.thebusinesscouncil.ca\/#website","url":"https:\/\/www.thebusinesscouncil.ca\/","name":"Business Council of Canada","description":"","publisher":{"@id":"https:\/\/www.thebusinesscouncil.ca\/#organization"},"potentialAction":[{"@type":"SearchAction","target":{"@type":"EntryPoint","urlTemplate":"https:\/\/www.thebusinesscouncil.ca\/?s={search_term_string}"},"query-input":{"@type":"PropertyValueSpecification","valueRequired":true,"valueName":"search_term_string"}}],"inLanguage":"fr-FR"},{"@type":"Organization","@id":"https:\/\/www.thebusinesscouncil.ca\/#organization","name":"Business Council of Canada","url":"https:\/\/www.thebusinesscouncil.ca\/","logo":{"@type":"ImageObject","inLanguage":"fr-FR","@id":"https:\/\/www.thebusinesscouncil.ca\/#\/schema\/logo\/image\/","url":"https:\/\/www.thebusinesscouncil.ca\/wp-content\/uploads\/2020\/10\/Business-Council-of-Canada-Generic.png","contentUrl":"https:\/\/www.thebusinesscouncil.ca\/wp-content\/uploads\/2020\/10\/Business-Council-of-Canada-Generic.png","width":1440,"height":900,"caption":"Business Council of Canada"},"image":{"@id":"https:\/\/www.thebusinesscouncil.ca\/#\/schema\/logo\/image\/"},"sameAs":["https:\/\/x.com\/BizCouncilofCan","https:\/\/www.linkedin.com\/company\/business-council-of-canda","https:\/\/www.youtube.com\/user\/CdnCEOCouncil"]}]}},"publishpress_future_action":{"enabled":false,"date":"2026-05-09 04:04:37","action":"change-status","newStatus":"draft","terms":[],"taxonomy":"translation_priority","extraData":[]},"publishpress_future_workflow_manual_trigger":{"enabledWorkflows":[]},"_links":{"self":[{"href":"https:\/\/www.thebusinesscouncil.ca\/fr\/wp-json\/wp\/v2\/pages\/6151","targetHints":{"allow":["GET"]}}],"collection":[{"href":"https:\/\/www.thebusinesscouncil.ca\/fr\/wp-json\/wp\/v2\/pages"}],"about":[{"href":"https:\/\/www.thebusinesscouncil.ca\/fr\/wp-json\/wp\/v2\/types\/page"}],"author":[{"embeddable":true,"href":"https:\/\/www.thebusinesscouncil.ca\/fr\/wp-json\/wp\/v2\/users\/3"}],"replies":[{"embeddable":true,"href":"https:\/\/www.thebusinesscouncil.ca\/fr\/wp-json\/wp\/v2\/comments?post=6151"}],"version-history":[{"count":0,"href":"https:\/\/www.thebusinesscouncil.ca\/fr\/wp-json\/wp\/v2\/pages\/6151\/revisions"}],"wp:attachment":[{"href":"https:\/\/www.thebusinesscouncil.ca\/fr\/wp-json\/wp\/v2\/media?parent=6151"}],"wp:term":[{"taxonomy":"post_types","embeddable":true,"href":"https:\/\/www.thebusinesscouncil.ca\/fr\/wp-json\/wp\/v2\/post_types?post=6151"},{"taxonomy":"topics","embeddable":true,"href":"https:\/\/www.thebusinesscouncil.ca\/fr\/wp-json\/wp\/v2\/topics?post=6151"},{"taxonomy":"wf_page_folders","embeddable":true,"href":"https:\/\/www.thebusinesscouncil.ca\/fr\/wp-json\/wp\/v2\/wf_page_folders?post=6151"}],"curies":[{"name":"wp","href":"https:\/\/api.w.org\/{rel}","templated":true}]}}