{"id":5555,"date":"2020-11-02T14:52:26","date_gmt":"2020-11-02T14:52:26","guid":{"rendered":"https:\/\/www.thebusinesscouncil.ca\/?page_id=5555"},"modified":"2020-11-16T12:59:51","modified_gmt":"2020-11-16T12:59:51","slug":"ressources-et-environnement","status":"publish","type":"page","link":"https:\/\/www.thebusinesscouncil.ca\/fr\/sujets\/ressources-et-environnement\/","title":{"rendered":"Ressources et environnement"},"content":{"rendered":"\n<p>L\u2019industrie canadienne est engag\u00e9e dans la lutte contre les changements climatiques. Pour apporter des solutions innovatrices et durables, les entreprises ont besoin d\u2019un plan clair et pr\u00e9visible qui repose sur un cadre solide favorisant la comp\u00e9titivit\u00e9 \u00e9conomique.<\/p>\n","protected":false},"excerpt":{"rendered":"<p>L\u2019industrie canadienne est engag\u00e9e dans la lutte contre les changements climatiques. Pour apporter des solutions innovatrices et durables, les entreprises ont besoin d\u2019un plan clair et pr\u00e9visible qui repose sur un cadre solide favorisant la comp\u00e9titivit\u00e9 \u00e9conomique.<\/p>\n","protected":false},"author":3,"featured_media":6414,"parent":5387,"menu_order":0,"comment_status":"closed","ping_status":"closed","template":"template-topics.php","meta":{"_acf_changed":false,"inline_featured_image":false,"footnotes":""},"post_types":[],"topics":[],"wf_page_folders":[],"class_list":["post-5555","page","type-page","status-publish","has-post-thumbnail","hentry"],"acf":[],"yoast_head":"<!-- This site is optimized with the Yoast SEO plugin v27.1.1 - https:\/\/yoast.com\/product\/yoast-seo-wordpress\/ -->\n<title>Ressources et environnement | Business Council of Canada<\/title>\n<meta name=\"robots\" content=\"index, follow, max-snippet:-1, max-image-preview:large, max-video-preview:-1\" \/>\n<link rel=\"canonical\" href=\"https:\/\/thebusinesscouncil.ca\/fr\/sujets\/ressources-et-environnement\/\" \/>\n<meta property=\"og:locale\" content=\"fr_FR\" \/>\n<meta property=\"og:type\" content=\"article\" \/>\n<meta property=\"og:title\" content=\"Ressources et environnement | Business Council of Canada\" \/>\n<meta property=\"og:description\" content=\"L\u2019industrie canadienne est engag\u00e9e dans la lutte contre les changements climatiques. Pour apporter des solutions innovatrices et durables, les entreprises ont besoin d\u2019un plan clair et pr\u00e9visible qui repose sur un cadre solide favorisant la comp\u00e9titivit\u00e9 \u00e9conomique.\" \/>\n<meta property=\"og:url\" content=\"https:\/\/thebusinesscouncil.ca\/fr\/sujets\/ressources-et-environnement\/\" \/>\n<meta property=\"og:site_name\" content=\"Business Council of Canada\" \/>\n<meta property=\"article:modified_time\" content=\"2020-11-16T12:59:51+00:00\" \/>\n<meta property=\"og:image\" content=\"https:\/\/thebusinesscouncil.ca\/wp-content\/uploads\/2020\/11\/Topics-Ressources-et-environnement.jpg\" \/>\n\t<meta property=\"og:image:width\" content=\"1440\" \/>\n\t<meta property=\"og:image:height\" content=\"900\" \/>\n\t<meta property=\"og:image:type\" content=\"image\/jpeg\" \/>\n<meta name=\"twitter:card\" content=\"summary_large_image\" \/>\n<meta name=\"twitter:site\" content=\"@BizCouncilofCan\" \/>\n<script type=\"application\/ld+json\" class=\"yoast-schema-graph\">{\"@context\":\"https:\/\/schema.org\",\"@graph\":[{\"@type\":\"WebPage\",\"@id\":\"https:\/\/thebusinesscouncil.ca\/fr\/sujets\/ressources-et-environnement\/\",\"url\":\"https:\/\/thebusinesscouncil.ca\/fr\/sujets\/ressources-et-environnement\/\",\"name\":\"Ressources et environnement | Business Council of Canada\",\"isPartOf\":{\"@id\":\"https:\/\/www.thebusinesscouncil.ca\/#website\"},\"primaryImageOfPage\":{\"@id\":\"https:\/\/thebusinesscouncil.ca\/fr\/sujets\/ressources-et-environnement\/#primaryimage\"},\"image\":{\"@id\":\"https:\/\/thebusinesscouncil.ca\/fr\/sujets\/ressources-et-environnement\/#primaryimage\"},\"thumbnailUrl\":\"https:\/\/www.thebusinesscouncil.ca\/wp-content\/uploads\/2020\/11\/Topics-Ressources-et-environnement.jpg\",\"datePublished\":\"2020-11-02T14:52:26+00:00\",\"dateModified\":\"2020-11-16T12:59:51+00:00\",\"breadcrumb\":{\"@id\":\"https:\/\/thebusinesscouncil.ca\/fr\/sujets\/ressources-et-environnement\/#breadcrumb\"},\"inLanguage\":\"fr-FR\",\"potentialAction\":[{\"@type\":\"ReadAction\",\"target\":[\"https:\/\/thebusinesscouncil.ca\/fr\/sujets\/ressources-et-environnement\/\"]}]},{\"@type\":\"ImageObject\",\"inLanguage\":\"fr-FR\",\"@id\":\"https:\/\/thebusinesscouncil.ca\/fr\/sujets\/ressources-et-environnement\/#primaryimage\",\"url\":\"https:\/\/www.thebusinesscouncil.ca\/wp-content\/uploads\/2020\/11\/Topics-Ressources-et-environnement.jpg\",\"contentUrl\":\"https:\/\/www.thebusinesscouncil.ca\/wp-content\/uploads\/2020\/11\/Topics-Ressources-et-environnement.jpg\",\"width\":1440,\"height\":900},{\"@type\":\"BreadcrumbList\",\"@id\":\"https:\/\/thebusinesscouncil.ca\/fr\/sujets\/ressources-et-environnement\/#breadcrumb\",\"itemListElement\":[{\"@type\":\"ListItem\",\"position\":1,\"name\":\"Home\",\"item\":\"https:\/\/www.thebusinesscouncil.ca\/fr\/\"},{\"@type\":\"ListItem\",\"position\":2,\"name\":\"Sujets\",\"item\":\"https:\/\/www.thebusinesscouncil.ca\/fr\/sujets\/\"},{\"@type\":\"ListItem\",\"position\":3,\"name\":\"Ressources et environnement\"}]},{\"@type\":\"WebSite\",\"@id\":\"https:\/\/www.thebusinesscouncil.ca\/#website\",\"url\":\"https:\/\/www.thebusinesscouncil.ca\/\",\"name\":\"Business Council of Canada\",\"description\":\"\",\"publisher\":{\"@id\":\"https:\/\/www.thebusinesscouncil.ca\/#organization\"},\"potentialAction\":[{\"@type\":\"SearchAction\",\"target\":{\"@type\":\"EntryPoint\",\"urlTemplate\":\"https:\/\/www.thebusinesscouncil.ca\/?s={search_term_string}\"},\"query-input\":{\"@type\":\"PropertyValueSpecification\",\"valueRequired\":true,\"valueName\":\"search_term_string\"}}],\"inLanguage\":\"fr-FR\"},{\"@type\":\"Organization\",\"@id\":\"https:\/\/www.thebusinesscouncil.ca\/#organization\",\"name\":\"Business Council of Canada\",\"url\":\"https:\/\/www.thebusinesscouncil.ca\/\",\"logo\":{\"@type\":\"ImageObject\",\"inLanguage\":\"fr-FR\",\"@id\":\"https:\/\/www.thebusinesscouncil.ca\/#\/schema\/logo\/image\/\",\"url\":\"https:\/\/www.thebusinesscouncil.ca\/wp-content\/uploads\/2020\/10\/Business-Council-of-Canada-Generic.png\",\"contentUrl\":\"https:\/\/www.thebusinesscouncil.ca\/wp-content\/uploads\/2020\/10\/Business-Council-of-Canada-Generic.png\",\"width\":1440,\"height\":900,\"caption\":\"Business Council of Canada\"},\"image\":{\"@id\":\"https:\/\/www.thebusinesscouncil.ca\/#\/schema\/logo\/image\/\"},\"sameAs\":[\"https:\/\/x.com\/BizCouncilofCan\",\"https:\/\/www.linkedin.com\/company\/business-council-of-canda\",\"https:\/\/www.youtube.com\/user\/CdnCEOCouncil\"]}]}<\/script>\n<!-- \/ Yoast SEO plugin. -->","yoast_head_json":{"title":"Ressources et environnement | Business Council of Canada","robots":{"index":"index","follow":"follow","max-snippet":"max-snippet:-1","max-image-preview":"max-image-preview:large","max-video-preview":"max-video-preview:-1"},"canonical":"https:\/\/thebusinesscouncil.ca\/fr\/sujets\/ressources-et-environnement\/","og_locale":"fr_FR","og_type":"article","og_title":"Ressources et environnement | Business Council of Canada","og_description":"L\u2019industrie canadienne est engag\u00e9e dans la lutte contre les changements climatiques. Pour apporter des solutions innovatrices et durables, les entreprises ont besoin d\u2019un plan clair et pr\u00e9visible qui repose sur un cadre solide favorisant la comp\u00e9titivit\u00e9 \u00e9conomique.","og_url":"https:\/\/thebusinesscouncil.ca\/fr\/sujets\/ressources-et-environnement\/","og_site_name":"Business Council of Canada","article_modified_time":"2020-11-16T12:59:51+00:00","og_image":[{"width":1440,"height":900,"url":"https:\/\/thebusinesscouncil.ca\/wp-content\/uploads\/2020\/11\/Topics-Ressources-et-environnement.jpg","type":"image\/jpeg"}],"twitter_card":"summary_large_image","twitter_site":"@BizCouncilofCan","schema":{"@context":"https:\/\/schema.org","@graph":[{"@type":"WebPage","@id":"https:\/\/thebusinesscouncil.ca\/fr\/sujets\/ressources-et-environnement\/","url":"https:\/\/thebusinesscouncil.ca\/fr\/sujets\/ressources-et-environnement\/","name":"Ressources et environnement | Business Council of Canada","isPartOf":{"@id":"https:\/\/www.thebusinesscouncil.ca\/#website"},"primaryImageOfPage":{"@id":"https:\/\/thebusinesscouncil.ca\/fr\/sujets\/ressources-et-environnement\/#primaryimage"},"image":{"@id":"https:\/\/thebusinesscouncil.ca\/fr\/sujets\/ressources-et-environnement\/#primaryimage"},"thumbnailUrl":"https:\/\/www.thebusinesscouncil.ca\/wp-content\/uploads\/2020\/11\/Topics-Ressources-et-environnement.jpg","datePublished":"2020-11-02T14:52:26+00:00","dateModified":"2020-11-16T12:59:51+00:00","breadcrumb":{"@id":"https:\/\/thebusinesscouncil.ca\/fr\/sujets\/ressources-et-environnement\/#breadcrumb"},"inLanguage":"fr-FR","potentialAction":[{"@type":"ReadAction","target":["https:\/\/thebusinesscouncil.ca\/fr\/sujets\/ressources-et-environnement\/"]}]},{"@type":"ImageObject","inLanguage":"fr-FR","@id":"https:\/\/thebusinesscouncil.ca\/fr\/sujets\/ressources-et-environnement\/#primaryimage","url":"https:\/\/www.thebusinesscouncil.ca\/wp-content\/uploads\/2020\/11\/Topics-Ressources-et-environnement.jpg","contentUrl":"https:\/\/www.thebusinesscouncil.ca\/wp-content\/uploads\/2020\/11\/Topics-Ressources-et-environnement.jpg","width":1440,"height":900},{"@type":"BreadcrumbList","@id":"https:\/\/thebusinesscouncil.ca\/fr\/sujets\/ressources-et-environnement\/#breadcrumb","itemListElement":[{"@type":"ListItem","position":1,"name":"Home","item":"https:\/\/www.thebusinesscouncil.ca\/fr\/"},{"@type":"ListItem","position":2,"name":"Sujets","item":"https:\/\/www.thebusinesscouncil.ca\/fr\/sujets\/"},{"@type":"ListItem","position":3,"name":"Ressources et environnement"}]},{"@type":"WebSite","@id":"https:\/\/www.thebusinesscouncil.ca\/#website","url":"https:\/\/www.thebusinesscouncil.ca\/","name":"Business Council of Canada","description":"","publisher":{"@id":"https:\/\/www.thebusinesscouncil.ca\/#organization"},"potentialAction":[{"@type":"SearchAction","target":{"@type":"EntryPoint","urlTemplate":"https:\/\/www.thebusinesscouncil.ca\/?s={search_term_string}"},"query-input":{"@type":"PropertyValueSpecification","valueRequired":true,"valueName":"search_term_string"}}],"inLanguage":"fr-FR"},{"@type":"Organization","@id":"https:\/\/www.thebusinesscouncil.ca\/#organization","name":"Business Council of Canada","url":"https:\/\/www.thebusinesscouncil.ca\/","logo":{"@type":"ImageObject","inLanguage":"fr-FR","@id":"https:\/\/www.thebusinesscouncil.ca\/#\/schema\/logo\/image\/","url":"https:\/\/www.thebusinesscouncil.ca\/wp-content\/uploads\/2020\/10\/Business-Council-of-Canada-Generic.png","contentUrl":"https:\/\/www.thebusinesscouncil.ca\/wp-content\/uploads\/2020\/10\/Business-Council-of-Canada-Generic.png","width":1440,"height":900,"caption":"Business Council of Canada"},"image":{"@id":"https:\/\/www.thebusinesscouncil.ca\/#\/schema\/logo\/image\/"},"sameAs":["https:\/\/x.com\/BizCouncilofCan","https:\/\/www.linkedin.com\/company\/business-council-of-canda","https:\/\/www.youtube.com\/user\/CdnCEOCouncil"]}]}},"publishpress_future_action":{"enabled":false,"date":"2026-05-22 13:17:01","action":"change-status","newStatus":"draft","terms":[],"taxonomy":"translation_priority","extraData":[]},"publishpress_future_workflow_manual_trigger":{"enabledWorkflows":[]},"_links":{"self":[{"href":"https:\/\/www.thebusinesscouncil.ca\/fr\/wp-json\/wp\/v2\/pages\/5555","targetHints":{"allow":["GET"]}}],"collection":[{"href":"https:\/\/www.thebusinesscouncil.ca\/fr\/wp-json\/wp\/v2\/pages"}],"about":[{"href":"https:\/\/www.thebusinesscouncil.ca\/fr\/wp-json\/wp\/v2\/types\/page"}],"author":[{"embeddable":true,"href":"https:\/\/www.thebusinesscouncil.ca\/fr\/wp-json\/wp\/v2\/users\/3"}],"replies":[{"embeddable":true,"href":"https:\/\/www.thebusinesscouncil.ca\/fr\/wp-json\/wp\/v2\/comments?post=5555"}],"version-history":[{"count":0,"href":"https:\/\/www.thebusinesscouncil.ca\/fr\/wp-json\/wp\/v2\/pages\/5555\/revisions"}],"up":[{"embeddable":true,"href":"https:\/\/www.thebusinesscouncil.ca\/fr\/wp-json\/wp\/v2\/pages\/5387"}],"wp:featuredmedia":[{"embeddable":true,"href":"https:\/\/www.thebusinesscouncil.ca\/fr\/wp-json\/wp\/v2\/media\/6414"}],"wp:attachment":[{"href":"https:\/\/www.thebusinesscouncil.ca\/fr\/wp-json\/wp\/v2\/media?parent=5555"}],"wp:term":[{"taxonomy":"post_types","embeddable":true,"href":"https:\/\/www.thebusinesscouncil.ca\/fr\/wp-json\/wp\/v2\/post_types?post=5555"},{"taxonomy":"topics","embeddable":true,"href":"https:\/\/www.thebusinesscouncil.ca\/fr\/wp-json\/wp\/v2\/topics?post=5555"},{"taxonomy":"wf_page_folders","embeddable":true,"href":"https:\/\/www.thebusinesscouncil.ca\/fr\/wp-json\/wp\/v2\/wf_page_folders?post=5555"}],"curies":[{"name":"wp","href":"https:\/\/api.w.org\/{rel}","templated":true}]}}