{"id":5538,"date":"2020-11-02T14:31:07","date_gmt":"2020-11-02T14:31:07","guid":{"rendered":"https:\/\/www.thebusinesscouncil.ca\/?page_id=5538"},"modified":"2025-02-28T14:42:06","modified_gmt":"2025-02-28T19:42:06","slug":"partenariats","status":"publish","type":"page","link":"https:\/\/www.thebusinesscouncil.ca\/fr\/a-propos-de-nous\/partenariats\/","title":{"rendered":"Nos partenaires"},"content":{"rendered":"\n<h2 class=\"wp-block-heading\" id=\"partenariats-canadiens\"><strong>Partenariats canadiens<\/strong><\/h2>\n\n\n\n<div class=\"wp-block-media-text alignwide is-stacked-on-mobile\" style=\"grid-template-columns:23% auto\"><figure class=\"wp-block-media-text__media\"><img loading=\"lazy\" decoding=\"async\" width=\"600\" height=\"334\" src=\"https:\/\/www.thebusinesscouncil.ca\/wp-content\/uploads\/2020\/11\/traes.jpg\" alt=\"\" class=\"wp-image-6364 size-full\" srcset=\"https:\/\/www.thebusinesscouncil.ca\/wp-content\/uploads\/2020\/11\/traes.jpg 600w, https:\/\/www.thebusinesscouncil.ca\/wp-content\/uploads\/2020\/11\/traes-300x167.jpg 300w, https:\/\/www.thebusinesscouncil.ca\/wp-content\/uploads\/2020\/11\/traes-359x200.jpg 359w\" sizes=\"auto, (max-width: 600px) 100vw, 600px\" \/><\/figure><div class=\"wp-block-media-text__content\">\n<h4 class=\"wp-block-heading\" id=\"table-ronde-du-milieu-des-affaires-et-de-l-enseignement-superieur\"><strong>Table ronde du milieu des affaires et de l\u2019enseignement sup\u00e9rieur<\/strong><\/h4>\n\n\n\n<p>Lanc\u00e9e par le Conseil canadien des affaires en 2015, la Table ronde du milieu des affaires et de l\u2019enseignement sup\u00e9rieur (ci-apr\u00e8s, \u00ab&nbsp;Table&nbsp;ronde&nbsp;\u00bb) est un organisme non partisan sans but lucratif qui r\u00e9unit les plus grandes entreprises et les meilleurs \u00e9tablissements postsecondaires du Canada. Depuis 2015, la Table ronde vise \u00e0 tirer parti des forces des secteurs des affaires et de l\u2019enseignement postsecondaire canadiens pour cr\u00e9er des d\u00e9bouch\u00e9s pour les jeunes Canadiens, stimuler l\u2019innovation et favoriser la collaboration.<\/p>\n\n\n\n<div class=\"wp-block-buttons is-layout-flex wp-block-buttons-is-layout-flex\">\n<div class=\"wp-block-button\"><a class=\"wp-block-button__link wp-element-button\" href=\"https:\/\/bher.ca\/fr\/\" target=\"_blank\" rel=\"noreferrer noopener\">Visitez bher.ca<\/a><\/div>\n<\/div>\n\n\n\n<p><br><\/p>\n<\/div><\/div>\n\n\n\n<div class=\"wp-block-media-text alignwide is-stacked-on-mobile\" style=\"grid-template-columns:24% auto\"><figure class=\"wp-block-media-text__media\"><img loading=\"lazy\" decoding=\"async\" width=\"1024\" height=\"297\" src=\"https:\/\/www.thebusinesscouncil.ca\/wp-content\/uploads\/2020\/11\/echange-1-1024x297.jpg\" alt=\"\" class=\"wp-image-6379 size-full\" srcset=\"https:\/\/www.thebusinesscouncil.ca\/wp-content\/uploads\/2020\/11\/echange-1-1024x297.jpg 1024w, https:\/\/www.thebusinesscouncil.ca\/wp-content\/uploads\/2020\/11\/echange-1-300x87.jpg 300w, https:\/\/www.thebusinesscouncil.ca\/wp-content\/uploads\/2020\/11\/echange-1-768x223.jpg 768w, https:\/\/www.thebusinesscouncil.ca\/wp-content\/uploads\/2020\/11\/echange-1-390x113.jpg 390w, https:\/\/www.thebusinesscouncil.ca\/wp-content\/uploads\/2020\/11\/echange-1.jpg 1048w\" sizes=\"auto, (max-width: 1024px) 100vw, 1024px\" \/><\/figure><div class=\"wp-block-media-text__content\">\n<h4 class=\"wp-block-heading\" id=\"canadian-cyber-threat-exchange\"><strong>Canadian Cyber Threat Exchange<\/strong><\/h4>\n\n\n\n<p>En 2016, le Conseil a contribu\u00e9 \u00e0 l\u2019\u00e9tablissement du Canadian Cyber Threat Exchange (CCTX), le premier centre du secteur priv\u00e9 du Canada charg\u00e9 de communiquer et d\u2019analyser des renseignements sur les menaces \u00e0 la cybers\u00e9curit\u00e9. Depuis, le CCTX est devenu un \u00e9l\u00e9ment crucial du r\u00e9seau de cybers\u00e9curit\u00e9 du Canada en r\u00e9unissant les principaux acteurs du secteur canadien de l\u2019infrastructure critique et en formant un partenariat officiel avec le nouveau Centre canadien pour la cybers\u00e9curit\u00e9.<\/p>\n\n\n\n<div class=\"wp-block-buttons is-layout-flex wp-block-buttons-is-layout-flex\">\n<div class=\"wp-block-button\"><a class=\"wp-block-button__link wp-element-button\" href=\"https:\/\/cctx.ca\/\" target=\"_blank\" rel=\"noreferrer noopener\">Visitez \u00e9cmc.ca<\/a><\/div>\n<\/div>\n\n\n\n<div style=\"height:30px\" aria-hidden=\"true\" class=\"wp-block-spacer\"><\/div>\n<\/div><\/div>\n\n\n\n<div class=\"wp-block-media-text alignwide is-stacked-on-mobile\" style=\"grid-template-columns:24% auto\"><figure class=\"wp-block-media-text__media\"><img loading=\"lazy\" decoding=\"async\" width=\"1000\" height=\"500\" src=\"https:\/\/thebusinesscouncil.ca\/wp-content\/uploads\/2021\/12\/FR.png\" alt=\"\" class=\"wp-image-11500 size-full\" srcset=\"https:\/\/www.thebusinesscouncil.ca\/wp-content\/uploads\/2021\/12\/FR.png 1000w, https:\/\/www.thebusinesscouncil.ca\/wp-content\/uploads\/2021\/12\/FR-300x150.png 300w, https:\/\/www.thebusinesscouncil.ca\/wp-content\/uploads\/2021\/12\/FR-768x384.png 768w, https:\/\/www.thebusinesscouncil.ca\/wp-content\/uploads\/2021\/12\/FR-390x195.png 390w\" sizes=\"auto, (max-width: 1000px) 100vw, 1000px\" \/><\/figure><div class=\"wp-block-media-text__content\">\n<h4 class=\"wp-block-heading\" id=\"coalition-pour-un-avenir-meilleur\"><strong>Coalition pour un avenir meilleur<\/strong><\/h4>\n\n\n\n<p>Lanc\u00e9e en 2021, la Coalition pour un avenir meilleur comprend plus de 150 organisations repr\u00e9sentant un large \u00e9ventail de perspectives. La Coalition souhaite susciter un large appui en faveur d&#8217;un plan ambitieux visant \u00e0 renforcer l&#8217;avenir \u00e9conomique du Canada &#8212; en donnant priorit\u00e9 aux mesures qui r\u00e9duisent l&#8217;in\u00e9galit\u00e9, combattent les changements climatiques, rehaussent le niveau de vie et am\u00e9liorent de mani\u00e8re tangible la vie de tous les Canadiens et toutes les Canadiennes.<\/p>\n\n\n\n<div class=\"wp-block-buttons is-layout-flex wp-block-buttons-is-layout-flex\">\n<div class=\"wp-block-button\"><a class=\"wp-block-button__link wp-element-button\" href=\"http:\/\/coalitioncanadienne.ca\/\" target=\"_blank\" rel=\"noreferrer noopener\">Visitez canadacoalition.ca<\/a><\/div>\n<\/div>\n\n\n\n<div style=\"height:30px\" aria-hidden=\"true\" class=\"wp-block-spacer\"><\/div>\n<\/div><\/div>\n\n\n\n<div style=\"height:30px\" aria-hidden=\"true\" class=\"wp-block-spacer\"><\/div>\n\n\n\n<h2 class=\"wp-block-heading\" id=\"partenariats-internationaux\"><strong>Partenariats internationaux<\/strong><\/h2>\n\n\n\n<div class=\"wp-block-media-text alignwide is-stacked-on-mobile\" style=\"grid-template-columns:21% auto\"><figure class=\"wp-block-media-text__media\"><img loading=\"lazy\" decoding=\"async\" width=\"552\" height=\"212\" src=\"https:\/\/www.thebusinesscouncil.ca\/wp-content\/uploads\/2022\/08\/BRT_logo.png\" alt=\"\" class=\"wp-image-13447 size-full\" srcset=\"https:\/\/www.thebusinesscouncil.ca\/wp-content\/uploads\/2022\/08\/BRT_logo.png 552w, https:\/\/www.thebusinesscouncil.ca\/wp-content\/uploads\/2022\/08\/BRT_logo-300x115.png 300w, https:\/\/www.thebusinesscouncil.ca\/wp-content\/uploads\/2022\/08\/BRT_logo-390x150.png 390w\" sizes=\"auto, (max-width: 552px) 100vw, 552px\" \/><\/figure><div class=\"wp-block-media-text__content\">\n<h4 class=\"wp-block-heading\" id=\"conseil-des-affaires-du-mexique\"><strong><strong><strong>Business Roundtable<\/strong><\/strong><\/strong><\/h4>\n\n\n\n<p>Les PDG de la Business Roundtable dirigent les plus grandes entreprises am\u00e9ricaines, qui emploient plus de 20 millions de travailleurs. La valeur totale de leurs entreprises, plus de 20&nbsp;000 milliards de dollars, repr\u00e9sente la moiti\u00e9 de la valeur de toutes les entreprises cot\u00e9es en bourse aux \u00c9tats-Unis. Ils d\u00e9pensent et investissent plus de 7&nbsp;000 milliards de dollars par an, contribuant ainsi au maintien et \u00e0 la croissance de dizaines de milliers de communaut\u00e9s et de millions de petites et moyennes entreprises.<\/p>\n\n\n\n<div class=\"wp-block-buttons is-layout-flex wp-block-buttons-is-layout-flex\">\n<div class=\"wp-block-button\"><a class=\"wp-block-button__link wp-element-button\" href=\"https:\/\/www.businessroundtable.org\/\" target=\"_blank\" rel=\"noreferrer noopener\">Visitez brt.org<\/a><\/div>\n<\/div>\n<\/div><\/div>\n\n\n\n<div style=\"height:28px\" aria-hidden=\"true\" class=\"wp-block-spacer\"><\/div>\n\n\n\n<div class=\"wp-block-media-text alignwide is-stacked-on-mobile\" style=\"grid-template-columns:23% auto\"><figure class=\"wp-block-media-text__media\"><img decoding=\"async\" src=\"https:\/\/www.thebusinesscouncil.ca\/wp-content\/uploads\/2022\/08\/cmn-logo-e1660670688679.jpeg\" alt=\"\" class=\"wp-image-13449 size-full\"\/><\/figure><div class=\"wp-block-media-text__content\">\n<h4 class=\"wp-block-heading\" id=\"conseil-des-affaires-du-mexique\"><strong><strong>Conseil des affaires du Mexique<\/strong><\/strong><\/h4>\n\n\n\n<p>Le Conseil des affaires du Mexique (Consejo Mexicano de Negocios) est une association civile fond\u00e9e en 1962 et compos\u00e9e de 59 chefs d&#8217;entreprise mexicains qui s&#8217;engagent \u00e0 promouvoir le bien-\u00eatre social et le d\u00e9veloppement \u00e9conomique du Mexique. Depuis plus de 50 ans, le Conseil entretient un dialogue ouvert et continu avec les repr\u00e9sentants du gouvernement, de la soci\u00e9t\u00e9 civile, du monde universitaire et d&#8217;autres organisations commerciales, afin de collaborer dans l&#8217;int\u00e9r\u00eat du Mexique. Son objectif est de promouvoir la prosp\u00e9rit\u00e9 du Mexique pour en faire un pays \u00e9quitable, libre et inclusif. Les entreprises membres du Conseil ont des affaires dans plus de 80 pays, emploient plus de 2 millions de personnes et investissent plus de 30 milliards $ US \u00e0 l&#8217;\u00e9chelle mondiale chaque ann\u00e9e.<\/p>\n\n\n\n<div class=\"wp-block-buttons is-layout-flex wp-block-buttons-is-layout-flex\">\n<div class=\"wp-block-button\"><a class=\"wp-block-button__link wp-element-button\" href=\"https:\/\/cmn.mx\/\" target=\"_blank\" rel=\"noreferrer noopener\">Visitez cmn.mx<\/a><\/div>\n<\/div>\n<\/div><\/div>\n\n\n\n<div style=\"height:30px\" aria-hidden=\"true\" class=\"wp-block-spacer\"><\/div>\n\n\n\n<div class=\"wp-block-media-text alignwide is-stacked-on-mobile\" style=\"grid-template-columns:23% auto\"><figure class=\"wp-block-media-text__media\"><img loading=\"lazy\" decoding=\"async\" width=\"244\" height=\"148\" src=\"https:\/\/www.thebusinesscouncil.ca\/wp-content\/uploads\/2022\/08\/fkilogo.jpg\" alt=\"\" class=\"wp-image-13451 size-full\"\/><\/figure><div class=\"wp-block-media-text__content\">\n<h4 class=\"wp-block-heading\" id=\"federation-des-industries-coreennes\"><strong><strong><strong>F\u00e9d\u00e9ration des industries cor\u00e9ennes<\/strong><\/strong><\/strong><\/h4>\n\n\n\n<p>Fond\u00e9e en 1961, la F\u00e9d\u00e9ration des industries cor\u00e9ennes (FKI) est la plus grande organisation priv\u00e9e \u00e0 but non lucratif de Cor\u00e9e, repr\u00e9sentant les principaux int\u00e9r\u00eats des soci\u00e9t\u00e9s, entreprises commerciales, associations et instituts de recherche du pays. Sur le plan national, la FKI a mis l&#8217;accent sur la recherche visant \u00e0 promouvoir une plus grande comp\u00e9titivit\u00e9 nationale et \u00e0 influencer les politiques financi\u00e8res, mon\u00e9taires, industrielles et sociales du gouvernement. Sur le plan international, la FKI sert d\u2019organisation-cadre pour accueillir les comit\u00e9s cor\u00e9ens pour un certain nombre de grands forums internationaux. La FKI g\u00e8re \u00e9galement 32 canaux bilat\u00e9raux de coop\u00e9ration \u00e9conomique avec 31 pays, dont les \u00c9tats-Unis, la Chine et le Japon.&nbsp;<\/p>\n\n\n\n<div class=\"wp-block-buttons is-layout-flex wp-block-buttons-is-layout-flex\">\n<div class=\"wp-block-button\"><a class=\"wp-block-button__link wp-element-button\" href=\"http:\/\/www.fki.or.kr\" target=\"_blank\" rel=\"noreferrer noopener\">Visitez fki.or.kr<\/a><\/div>\n<\/div>\n<\/div><\/div>\n\n\n\n<div style=\"height:36px\" aria-hidden=\"true\" class=\"wp-block-spacer\"><\/div>\n\n\n\n<div class=\"wp-block-media-text alignwide is-stacked-on-mobile\" style=\"grid-template-columns:22% auto\"><figure class=\"wp-block-media-text__media\"><img decoding=\"async\" src=\"https:\/\/www.thebusinesscouncil.ca\/wp-content\/uploads\/2023\/05\/BDI-Logo_Dialogikon.svg\" alt=\"\" class=\"wp-image-16747 size-full\"\/><\/figure><div class=\"wp-block-media-text__content\">\n<h4 class=\"wp-block-heading\" id=\"federation-des-industries-coreennes\"><strong><strong><strong><strong>La F\u00e9d\u00e9ration des industries allemandes<\/strong><\/strong><\/strong><\/strong><\/h4>\n\n\n\n<p>La Bundesverband der Deutschen Industrie (BDI) est l\u2019organisation-cadre de l\u2019industrie allemande et des prestataires de services li\u00e9s \u00e0 l\u2019industrie. 40 associations industrielles, plus de 100&nbsp;000 entreprises employant environ huit millions de personnes en Allemagne et 15 repr\u00e9sentants des \u00c9tats en font la voix de l\u2019industrie allemande. Ils \u0153uvrent pour une industrie moderne, durable et prosp\u00e8re en Allemagne, en Europe et dans le monde.<\/p>\n\n\n\n<div class=\"wp-block-buttons is-layout-flex wp-block-buttons-is-layout-flex\">\n<div class=\"wp-block-button\"><a class=\"wp-block-button__link wp-element-button\" href=\"https:\/\/english.bdi.eu\/\" target=\"_blank\" rel=\"noreferrer noopener\">Visitez www.english.bdi.eu<\/a><\/div>\n<\/div>\n<\/div><\/div>\n\n\n\n<p><\/p>\n","protected":false},"excerpt":{"rendered":"<p>Partenariats canadiens Partenariats internationaux<\/p>\n","protected":false},"author":3,"featured_media":0,"parent":5491,"menu_order":9,"comment_status":"closed","ping_status":"closed","template":"","meta":{"_acf_changed":false,"inline_featured_image":false,"footnotes":""},"post_types":[],"topics":[],"wf_page_folders":[],"class_list":["post-5538","page","type-page","status-publish","hentry"],"acf":[],"yoast_head":"<!-- This site is optimized with the Yoast SEO plugin v27.1.1 - https:\/\/yoast.com\/product\/yoast-seo-wordpress\/ -->\n<title>Nos partenaires | Business Council of Canada<\/title>\n<meta name=\"robots\" content=\"index, follow, max-snippet:-1, max-image-preview:large, max-video-preview:-1\" \/>\n<link rel=\"canonical\" href=\"https:\/\/www.thebusinesscouncil.ca\/fr\/a-propos-de-nous\/partenariats\/\" \/>\n<meta property=\"og:locale\" content=\"fr_FR\" \/>\n<meta property=\"og:type\" content=\"article\" \/>\n<meta property=\"og:title\" content=\"Nos partenaires | Business Council of Canada\" \/>\n<meta property=\"og:description\" content=\"Partenariats canadiens Partenariats internationaux\" \/>\n<meta property=\"og:url\" content=\"https:\/\/www.thebusinesscouncil.ca\/fr\/a-propos-de-nous\/partenariats\/\" \/>\n<meta property=\"og:site_name\" content=\"Business Council of Canada\" \/>\n<meta property=\"article:modified_time\" content=\"2025-02-28T19:42:06+00:00\" \/>\n<meta property=\"og:image\" content=\"https:\/\/www.thebusinesscouncil.ca\/wp-content\/uploads\/2020\/11\/traes.jpg\" \/>\n\t<meta property=\"og:image:width\" content=\"600\" \/>\n\t<meta property=\"og:image:height\" content=\"334\" \/>\n\t<meta property=\"og:image:type\" content=\"image\/jpeg\" \/>\n<meta name=\"twitter:card\" content=\"summary_large_image\" \/>\n<meta name=\"twitter:site\" content=\"@BizCouncilofCan\" \/>\n<script type=\"application\/ld+json\" class=\"yoast-schema-graph\">{\"@context\":\"https:\/\/schema.org\",\"@graph\":[{\"@type\":\"WebPage\",\"@id\":\"https:\/\/www.thebusinesscouncil.ca\/fr\/a-propos-de-nous\/partenariats\/\",\"url\":\"https:\/\/www.thebusinesscouncil.ca\/fr\/a-propos-de-nous\/partenariats\/\",\"name\":\"Nos partenaires | Business Council of Canada\",\"isPartOf\":{\"@id\":\"https:\/\/www.thebusinesscouncil.ca\/#website\"},\"primaryImageOfPage\":{\"@id\":\"https:\/\/www.thebusinesscouncil.ca\/fr\/a-propos-de-nous\/partenariats\/#primaryimage\"},\"image\":{\"@id\":\"https:\/\/www.thebusinesscouncil.ca\/fr\/a-propos-de-nous\/partenariats\/#primaryimage\"},\"thumbnailUrl\":\"https:\/\/www.thebusinesscouncil.ca\/wp-content\/uploads\/2020\/11\/traes.jpg\",\"datePublished\":\"2020-11-02T14:31:07+00:00\",\"dateModified\":\"2025-02-28T19:42:06+00:00\",\"breadcrumb\":{\"@id\":\"https:\/\/www.thebusinesscouncil.ca\/fr\/a-propos-de-nous\/partenariats\/#breadcrumb\"},\"inLanguage\":\"fr-FR\",\"potentialAction\":[{\"@type\":\"ReadAction\",\"target\":[\"https:\/\/www.thebusinesscouncil.ca\/fr\/a-propos-de-nous\/partenariats\/\"]}]},{\"@type\":\"ImageObject\",\"inLanguage\":\"fr-FR\",\"@id\":\"https:\/\/www.thebusinesscouncil.ca\/fr\/a-propos-de-nous\/partenariats\/#primaryimage\",\"url\":\"https:\/\/www.thebusinesscouncil.ca\/wp-content\/uploads\/2020\/11\/traes.jpg\",\"contentUrl\":\"https:\/\/www.thebusinesscouncil.ca\/wp-content\/uploads\/2020\/11\/traes.jpg\"},{\"@type\":\"BreadcrumbList\",\"@id\":\"https:\/\/www.thebusinesscouncil.ca\/fr\/a-propos-de-nous\/partenariats\/#breadcrumb\",\"itemListElement\":[{\"@type\":\"ListItem\",\"position\":1,\"name\":\"Home\",\"item\":\"https:\/\/www.thebusinesscouncil.ca\/fr\/\"},{\"@type\":\"ListItem\",\"position\":2,\"name\":\"\u00c0 propos de nous\",\"item\":\"https:\/\/www.thebusinesscouncil.ca\/fr\/a-propos-de-nous\/\"},{\"@type\":\"ListItem\",\"position\":3,\"name\":\"Nos partenaires\"}]},{\"@type\":\"WebSite\",\"@id\":\"https:\/\/www.thebusinesscouncil.ca\/#website\",\"url\":\"https:\/\/www.thebusinesscouncil.ca\/\",\"name\":\"Business Council of Canada\",\"description\":\"\",\"publisher\":{\"@id\":\"https:\/\/www.thebusinesscouncil.ca\/#organization\"},\"potentialAction\":[{\"@type\":\"SearchAction\",\"target\":{\"@type\":\"EntryPoint\",\"urlTemplate\":\"https:\/\/www.thebusinesscouncil.ca\/?s={search_term_string}\"},\"query-input\":{\"@type\":\"PropertyValueSpecification\",\"valueRequired\":true,\"valueName\":\"search_term_string\"}}],\"inLanguage\":\"fr-FR\"},{\"@type\":\"Organization\",\"@id\":\"https:\/\/www.thebusinesscouncil.ca\/#organization\",\"name\":\"Business Council of Canada\",\"url\":\"https:\/\/www.thebusinesscouncil.ca\/\",\"logo\":{\"@type\":\"ImageObject\",\"inLanguage\":\"fr-FR\",\"@id\":\"https:\/\/www.thebusinesscouncil.ca\/#\/schema\/logo\/image\/\",\"url\":\"https:\/\/www.thebusinesscouncil.ca\/wp-content\/uploads\/2020\/10\/Business-Council-of-Canada-Generic.png\",\"contentUrl\":\"https:\/\/www.thebusinesscouncil.ca\/wp-content\/uploads\/2020\/10\/Business-Council-of-Canada-Generic.png\",\"width\":1440,\"height\":900,\"caption\":\"Business Council of Canada\"},\"image\":{\"@id\":\"https:\/\/www.thebusinesscouncil.ca\/#\/schema\/logo\/image\/\"},\"sameAs\":[\"https:\/\/x.com\/BizCouncilofCan\",\"https:\/\/www.linkedin.com\/company\/business-council-of-canda\",\"https:\/\/www.youtube.com\/user\/CdnCEOCouncil\"]}]}<\/script>\n<!-- \/ Yoast SEO plugin. -->","yoast_head_json":{"title":"Nos partenaires | Business Council of Canada","robots":{"index":"index","follow":"follow","max-snippet":"max-snippet:-1","max-image-preview":"max-image-preview:large","max-video-preview":"max-video-preview:-1"},"canonical":"https:\/\/www.thebusinesscouncil.ca\/fr\/a-propos-de-nous\/partenariats\/","og_locale":"fr_FR","og_type":"article","og_title":"Nos partenaires | Business Council of Canada","og_description":"Partenariats canadiens Partenariats internationaux","og_url":"https:\/\/www.thebusinesscouncil.ca\/fr\/a-propos-de-nous\/partenariats\/","og_site_name":"Business Council of Canada","article_modified_time":"2025-02-28T19:42:06+00:00","og_image":[{"width":600,"height":334,"url":"https:\/\/www.thebusinesscouncil.ca\/wp-content\/uploads\/2020\/11\/traes.jpg","type":"image\/jpeg"}],"twitter_card":"summary_large_image","twitter_site":"@BizCouncilofCan","schema":{"@context":"https:\/\/schema.org","@graph":[{"@type":"WebPage","@id":"https:\/\/www.thebusinesscouncil.ca\/fr\/a-propos-de-nous\/partenariats\/","url":"https:\/\/www.thebusinesscouncil.ca\/fr\/a-propos-de-nous\/partenariats\/","name":"Nos partenaires | Business Council of Canada","isPartOf":{"@id":"https:\/\/www.thebusinesscouncil.ca\/#website"},"primaryImageOfPage":{"@id":"https:\/\/www.thebusinesscouncil.ca\/fr\/a-propos-de-nous\/partenariats\/#primaryimage"},"image":{"@id":"https:\/\/www.thebusinesscouncil.ca\/fr\/a-propos-de-nous\/partenariats\/#primaryimage"},"thumbnailUrl":"https:\/\/www.thebusinesscouncil.ca\/wp-content\/uploads\/2020\/11\/traes.jpg","datePublished":"2020-11-02T14:31:07+00:00","dateModified":"2025-02-28T19:42:06+00:00","breadcrumb":{"@id":"https:\/\/www.thebusinesscouncil.ca\/fr\/a-propos-de-nous\/partenariats\/#breadcrumb"},"inLanguage":"fr-FR","potentialAction":[{"@type":"ReadAction","target":["https:\/\/www.thebusinesscouncil.ca\/fr\/a-propos-de-nous\/partenariats\/"]}]},{"@type":"ImageObject","inLanguage":"fr-FR","@id":"https:\/\/www.thebusinesscouncil.ca\/fr\/a-propos-de-nous\/partenariats\/#primaryimage","url":"https:\/\/www.thebusinesscouncil.ca\/wp-content\/uploads\/2020\/11\/traes.jpg","contentUrl":"https:\/\/www.thebusinesscouncil.ca\/wp-content\/uploads\/2020\/11\/traes.jpg"},{"@type":"BreadcrumbList","@id":"https:\/\/www.thebusinesscouncil.ca\/fr\/a-propos-de-nous\/partenariats\/#breadcrumb","itemListElement":[{"@type":"ListItem","position":1,"name":"Home","item":"https:\/\/www.thebusinesscouncil.ca\/fr\/"},{"@type":"ListItem","position":2,"name":"\u00c0 propos de nous","item":"https:\/\/www.thebusinesscouncil.ca\/fr\/a-propos-de-nous\/"},{"@type":"ListItem","position":3,"name":"Nos partenaires"}]},{"@type":"WebSite","@id":"https:\/\/www.thebusinesscouncil.ca\/#website","url":"https:\/\/www.thebusinesscouncil.ca\/","name":"Business Council of Canada","description":"","publisher":{"@id":"https:\/\/www.thebusinesscouncil.ca\/#organization"},"potentialAction":[{"@type":"SearchAction","target":{"@type":"EntryPoint","urlTemplate":"https:\/\/www.thebusinesscouncil.ca\/?s={search_term_string}"},"query-input":{"@type":"PropertyValueSpecification","valueRequired":true,"valueName":"search_term_string"}}],"inLanguage":"fr-FR"},{"@type":"Organization","@id":"https:\/\/www.thebusinesscouncil.ca\/#organization","name":"Business Council of Canada","url":"https:\/\/www.thebusinesscouncil.ca\/","logo":{"@type":"ImageObject","inLanguage":"fr-FR","@id":"https:\/\/www.thebusinesscouncil.ca\/#\/schema\/logo\/image\/","url":"https:\/\/www.thebusinesscouncil.ca\/wp-content\/uploads\/2020\/10\/Business-Council-of-Canada-Generic.png","contentUrl":"https:\/\/www.thebusinesscouncil.ca\/wp-content\/uploads\/2020\/10\/Business-Council-of-Canada-Generic.png","width":1440,"height":900,"caption":"Business Council of Canada"},"image":{"@id":"https:\/\/www.thebusinesscouncil.ca\/#\/schema\/logo\/image\/"},"sameAs":["https:\/\/x.com\/BizCouncilofCan","https:\/\/www.linkedin.com\/company\/business-council-of-canda","https:\/\/www.youtube.com\/user\/CdnCEOCouncil"]}]}},"publishpress_future_action":{"enabled":false,"date":"2026-04-27 04:21:54","action":"change-status","newStatus":"draft","terms":[],"taxonomy":"translation_priority","extraData":[]},"publishpress_future_workflow_manual_trigger":{"enabledWorkflows":[]},"_links":{"self":[{"href":"https:\/\/www.thebusinesscouncil.ca\/fr\/wp-json\/wp\/v2\/pages\/5538","targetHints":{"allow":["GET"]}}],"collection":[{"href":"https:\/\/www.thebusinesscouncil.ca\/fr\/wp-json\/wp\/v2\/pages"}],"about":[{"href":"https:\/\/www.thebusinesscouncil.ca\/fr\/wp-json\/wp\/v2\/types\/page"}],"author":[{"embeddable":true,"href":"https:\/\/www.thebusinesscouncil.ca\/fr\/wp-json\/wp\/v2\/users\/3"}],"replies":[{"embeddable":true,"href":"https:\/\/www.thebusinesscouncil.ca\/fr\/wp-json\/wp\/v2\/comments?post=5538"}],"version-history":[{"count":0,"href":"https:\/\/www.thebusinesscouncil.ca\/fr\/wp-json\/wp\/v2\/pages\/5538\/revisions"}],"up":[{"embeddable":true,"href":"https:\/\/www.thebusinesscouncil.ca\/fr\/wp-json\/wp\/v2\/pages\/5491"}],"wp:attachment":[{"href":"https:\/\/www.thebusinesscouncil.ca\/fr\/wp-json\/wp\/v2\/media?parent=5538"}],"wp:term":[{"taxonomy":"post_types","embeddable":true,"href":"https:\/\/www.thebusinesscouncil.ca\/fr\/wp-json\/wp\/v2\/post_types?post=5538"},{"taxonomy":"topics","embeddable":true,"href":"https:\/\/www.thebusinesscouncil.ca\/fr\/wp-json\/wp\/v2\/topics?post=5538"},{"taxonomy":"wf_page_folders","embeddable":true,"href":"https:\/\/www.thebusinesscouncil.ca\/fr\/wp-json\/wp\/v2\/wf_page_folders?post=5538"}],"curies":[{"name":"wp","href":"https:\/\/api.w.org\/{rel}","templated":true}]}}