{"id":5387,"date":"2020-10-30T12:27:49","date_gmt":"2020-10-30T12:27:49","guid":{"rendered":"https:\/\/www.thebusinesscouncil.ca\/?page_id=5387"},"modified":"2020-11-15T15:24:12","modified_gmt":"2020-11-15T15:24:12","slug":"sujets","status":"publish","type":"page","link":"https:\/\/www.thebusinesscouncil.ca\/fr\/sujets\/","title":{"rendered":"Sujets"},"content":{"rendered":"\n<p><strong>R\u00f4le du Canada dans le monde<\/strong><\/p>\n\n\n\n<p>La prosp\u00e9rit\u00e9 du Canada est tributaire de la stabilit\u00e9 mondiale, d\u2019un syst\u00e8me de commerce multilat\u00e9ral bas\u00e9 sur des r\u00e8gles, de la coop\u00e9ration de partenaires aux vues similaires et du respect des \u00c9tats souverains.<\/p>\n\n\n\n<p>En raison de sa taille relativement petite, le Canada tire avantage de la lib\u00e9ralisation du commerce et des investissements.<\/p>\n\n\n\n<div class=\"wp-block-image\"><figure class=\"alignleft size-large is-resized\"><a href=\"https:\/\/thebusinesscouncil.ca\/fr\/sujets\/role-du-canada-dans-le-monde-2\/\"><img loading=\"lazy\" decoding=\"async\" src=\"https:\/\/www.thebusinesscouncil.ca\/wp-content\/uploads\/2020\/11\/Topics-Canadas-Place-in-the-World-icon.jpg\" alt=\"\" class=\"wp-image-6432\" width=\"117\" height=\"117\" srcset=\"https:\/\/www.thebusinesscouncil.ca\/wp-content\/uploads\/2020\/11\/Topics-Canadas-Place-in-the-World-icon.jpg 390w, https:\/\/www.thebusinesscouncil.ca\/wp-content\/uploads\/2020\/11\/Topics-Canadas-Place-in-the-World-icon-300x300.jpg 300w, https:\/\/www.thebusinesscouncil.ca\/wp-content\/uploads\/2020\/11\/Topics-Canadas-Place-in-the-World-icon-150x150.jpg 150w, https:\/\/www.thebusinesscouncil.ca\/wp-content\/uploads\/2020\/11\/Topics-Canadas-Place-in-the-World-icon-200x200.jpg 200w, https:\/\/www.thebusinesscouncil.ca\/wp-content\/uploads\/2020\/11\/Topics-Canadas-Place-in-the-World-icon-100x100.jpg 100w\" sizes=\"auto, (max-width: 117px) 100vw, 117px\" \/><\/a><\/figure><\/div>\n\n\n\n<div class=\"wp-block-image\"><figure class=\"alignleft size-large is-resized\"><a href=\"https:\/\/thebusinesscouncil.ca\/fr\/sujets\/ressources-et-environnement\/\"><img loading=\"lazy\" decoding=\"async\" src=\"https:\/\/www.thebusinesscouncil.ca\/wp-content\/uploads\/2020\/11\/Topics-Resources-and-the-Environment-ICON.jpg\" alt=\"\" class=\"wp-image-6436\" width=\"118\" height=\"118\" srcset=\"https:\/\/www.thebusinesscouncil.ca\/wp-content\/uploads\/2020\/11\/Topics-Resources-and-the-Environment-ICON.jpg 386w, https:\/\/www.thebusinesscouncil.ca\/wp-content\/uploads\/2020\/11\/Topics-Resources-and-the-Environment-ICON-300x300.jpg 300w, https:\/\/www.thebusinesscouncil.ca\/wp-content\/uploads\/2020\/11\/Topics-Resources-and-the-Environment-ICON-150x150.jpg 150w, https:\/\/www.thebusinesscouncil.ca\/wp-content\/uploads\/2020\/11\/Topics-Resources-and-the-Environment-ICON-200x200.jpg 200w, https:\/\/www.thebusinesscouncil.ca\/wp-content\/uploads\/2020\/11\/Topics-Resources-and-the-Environment-ICON-100x100.jpg 100w\" sizes=\"auto, (max-width: 118px) 100vw, 118px\" \/><\/a><\/figure><\/div>\n\n\n\n<div class=\"wp-block-image\"><figure class=\"alignleft size-large is-resized\"><a href=\"https:\/\/thebusinesscouncil.ca\/fr\/sujets\/strategie-economique\/\"><img loading=\"lazy\" decoding=\"async\" src=\"https:\/\/www.thebusinesscouncil.ca\/wp-content\/uploads\/2020\/11\/Topics-Economic-Strategy-icon.jpg\" alt=\"\" class=\"wp-image-6438\" width=\"114\" height=\"120\" srcset=\"https:\/\/www.thebusinesscouncil.ca\/wp-content\/uploads\/2020\/11\/Topics-Economic-Strategy-icon.jpg 369w, https:\/\/www.thebusinesscouncil.ca\/wp-content\/uploads\/2020\/11\/Topics-Economic-Strategy-icon-285x300.jpg 285w, https:\/\/www.thebusinesscouncil.ca\/wp-content\/uploads\/2020\/11\/Topics-Economic-Strategy-icon-190x200.jpg 190w\" sizes=\"auto, (max-width: 114px) 100vw, 114px\" \/><\/a><\/figure><\/div>\n\n\n\n<div class=\"wp-block-image\"><figure class=\"alignleft size-large is-resized\"><a href=\"https:\/\/thebusinesscouncil.ca\/fr\/sujets\/industrie-et-innovation\/\"><img loading=\"lazy\" decoding=\"async\" src=\"https:\/\/www.thebusinesscouncil.ca\/wp-content\/uploads\/2020\/11\/Topics-Industry-and-Innovation-ICON-100x100.jpg\" alt=\"\" class=\"wp-image-6440\" width=\"122\" height=\"122\" srcset=\"https:\/\/www.thebusinesscouncil.ca\/wp-content\/uploads\/2020\/11\/Topics-Industry-and-Innovation-ICON-100x100.jpg 100w, https:\/\/www.thebusinesscouncil.ca\/wp-content\/uploads\/2020\/11\/Topics-Industry-and-Innovation-ICON-300x300.jpg 300w, https:\/\/www.thebusinesscouncil.ca\/wp-content\/uploads\/2020\/11\/Topics-Industry-and-Innovation-ICON-150x150.jpg 150w, https:\/\/www.thebusinesscouncil.ca\/wp-content\/uploads\/2020\/11\/Topics-Industry-and-Innovation-ICON-201x200.jpg 201w, https:\/\/www.thebusinesscouncil.ca\/wp-content\/uploads\/2020\/11\/Topics-Industry-and-Innovation-ICON.jpg 390w\" sizes=\"auto, (max-width: 122px) 100vw, 122px\" \/><\/a><\/figure><\/div>\n\n\n\n<div class=\"wp-block-image\"><figure class=\"alignleft size-large is-resized\"><a href=\"https:\/\/thebusinesscouncil.ca\/fr\/sujets\/role-du-canada-dans-le-monde\/\"><img loading=\"lazy\" decoding=\"async\" src=\"https:\/\/www.thebusinesscouncil.ca\/wp-content\/uploads\/2020\/11\/Topics-Canadas-Human-Capital-ICON-100x100.jpg\" alt=\"\" class=\"wp-image-6443\" width=\"116\" height=\"116\" srcset=\"https:\/\/www.thebusinesscouncil.ca\/wp-content\/uploads\/2020\/11\/Topics-Canadas-Human-Capital-ICON-100x100.jpg 100w, https:\/\/www.thebusinesscouncil.ca\/wp-content\/uploads\/2020\/11\/Topics-Canadas-Human-Capital-ICON-300x300.jpg 300w, https:\/\/www.thebusinesscouncil.ca\/wp-content\/uploads\/2020\/11\/Topics-Canadas-Human-Capital-ICON-150x150.jpg 150w, https:\/\/www.thebusinesscouncil.ca\/wp-content\/uploads\/2020\/11\/Topics-Canadas-Human-Capital-ICON-201x200.jpg 201w, https:\/\/www.thebusinesscouncil.ca\/wp-content\/uploads\/2020\/11\/Topics-Canadas-Human-Capital-ICON.jpg 396w\" sizes=\"auto, (max-width: 116px) 100vw, 116px\" \/><\/a><\/figure><\/div>\n","protected":false},"excerpt":{"rendered":"<p>R\u00f4le du Canada dans le monde La prosp\u00e9rit\u00e9 du Canada est tributaire de la stabilit\u00e9 mondiale, d\u2019un syst\u00e8me de commerce multilat\u00e9ral bas\u00e9 sur des r\u00e8gles, de la coop\u00e9ration de partenaires aux vues similaires et du respect des \u00c9tats souverains. En&#8230;<\/p>\n","protected":false},"author":3,"featured_media":0,"parent":0,"menu_order":16,"comment_status":"closed","ping_status":"closed","template":"","meta":{"_acf_changed":false,"inline_featured_image":false,"footnotes":""},"post_types":[],"topics":[],"wf_page_folders":[],"class_list":["post-5387","page","type-page","status-publish","hentry"],"acf":[],"yoast_head":"<!-- This site is optimized with the Yoast SEO plugin v27.1.1 - https:\/\/yoast.com\/product\/yoast-seo-wordpress\/ -->\n<title>Sujets | Business Council of Canada<\/title>\n<meta name=\"robots\" content=\"index, follow, max-snippet:-1, max-image-preview:large, max-video-preview:-1\" \/>\n<link rel=\"canonical\" href=\"https:\/\/www.thebusinesscouncil.ca\/fr\/sujets\/\" \/>\n<meta property=\"og:locale\" content=\"fr_FR\" \/>\n<meta property=\"og:type\" content=\"article\" \/>\n<meta property=\"og:title\" content=\"Sujets | Business Council of Canada\" \/>\n<meta property=\"og:description\" content=\"R\u00f4le du Canada dans le monde La prosp\u00e9rit\u00e9 du Canada est tributaire de la stabilit\u00e9 mondiale, d\u2019un syst\u00e8me de commerce multilat\u00e9ral bas\u00e9 sur des r\u00e8gles, de la coop\u00e9ration de partenaires aux vues similaires et du respect des \u00c9tats souverains. En...\" \/>\n<meta property=\"og:url\" content=\"https:\/\/www.thebusinesscouncil.ca\/fr\/sujets\/\" \/>\n<meta property=\"og:site_name\" content=\"Business Council of Canada\" \/>\n<meta property=\"article:modified_time\" content=\"2020-11-15T15:24:12+00:00\" \/>\n<meta property=\"og:image\" content=\"https:\/\/www.thebusinesscouncil.ca\/wp-content\/uploads\/2020\/11\/Topics-Canadas-Place-in-the-World-icon.jpg\" \/>\n<meta name=\"twitter:card\" content=\"summary_large_image\" \/>\n<meta name=\"twitter:site\" content=\"@BizCouncilofCan\" \/>\n<script type=\"application\/ld+json\" class=\"yoast-schema-graph\">{\"@context\":\"https:\/\/schema.org\",\"@graph\":[{\"@type\":\"WebPage\",\"@id\":\"https:\/\/www.thebusinesscouncil.ca\/fr\/sujets\/\",\"url\":\"https:\/\/www.thebusinesscouncil.ca\/fr\/sujets\/\",\"name\":\"Sujets | Business Council of Canada\",\"isPartOf\":{\"@id\":\"https:\/\/www.thebusinesscouncil.ca\/#website\"},\"primaryImageOfPage\":{\"@id\":\"https:\/\/www.thebusinesscouncil.ca\/fr\/sujets\/#primaryimage\"},\"image\":{\"@id\":\"https:\/\/www.thebusinesscouncil.ca\/fr\/sujets\/#primaryimage\"},\"thumbnailUrl\":\"https:\/\/www.thebusinesscouncil.ca\/wp-content\/uploads\/2020\/11\/Topics-Canadas-Place-in-the-World-icon.jpg\",\"datePublished\":\"2020-10-30T12:27:49+00:00\",\"dateModified\":\"2020-11-15T15:24:12+00:00\",\"breadcrumb\":{\"@id\":\"https:\/\/www.thebusinesscouncil.ca\/fr\/sujets\/#breadcrumb\"},\"inLanguage\":\"fr-FR\",\"potentialAction\":[{\"@type\":\"ReadAction\",\"target\":[\"https:\/\/www.thebusinesscouncil.ca\/fr\/sujets\/\"]}]},{\"@type\":\"ImageObject\",\"inLanguage\":\"fr-FR\",\"@id\":\"https:\/\/www.thebusinesscouncil.ca\/fr\/sujets\/#primaryimage\",\"url\":\"https:\/\/www.thebusinesscouncil.ca\/wp-content\/uploads\/2020\/11\/Topics-Canadas-Place-in-the-World-icon.jpg\",\"contentUrl\":\"https:\/\/www.thebusinesscouncil.ca\/wp-content\/uploads\/2020\/11\/Topics-Canadas-Place-in-the-World-icon.jpg\"},{\"@type\":\"BreadcrumbList\",\"@id\":\"https:\/\/www.thebusinesscouncil.ca\/fr\/sujets\/#breadcrumb\",\"itemListElement\":[{\"@type\":\"ListItem\",\"position\":1,\"name\":\"Home\",\"item\":\"https:\/\/www.thebusinesscouncil.ca\/fr\/\"},{\"@type\":\"ListItem\",\"position\":2,\"name\":\"Sujets\"}]},{\"@type\":\"WebSite\",\"@id\":\"https:\/\/www.thebusinesscouncil.ca\/#website\",\"url\":\"https:\/\/www.thebusinesscouncil.ca\/\",\"name\":\"Business Council of Canada\",\"description\":\"\",\"publisher\":{\"@id\":\"https:\/\/www.thebusinesscouncil.ca\/#organization\"},\"potentialAction\":[{\"@type\":\"SearchAction\",\"target\":{\"@type\":\"EntryPoint\",\"urlTemplate\":\"https:\/\/www.thebusinesscouncil.ca\/?s={search_term_string}\"},\"query-input\":{\"@type\":\"PropertyValueSpecification\",\"valueRequired\":true,\"valueName\":\"search_term_string\"}}],\"inLanguage\":\"fr-FR\"},{\"@type\":\"Organization\",\"@id\":\"https:\/\/www.thebusinesscouncil.ca\/#organization\",\"name\":\"Business Council of Canada\",\"url\":\"https:\/\/www.thebusinesscouncil.ca\/\",\"logo\":{\"@type\":\"ImageObject\",\"inLanguage\":\"fr-FR\",\"@id\":\"https:\/\/www.thebusinesscouncil.ca\/#\/schema\/logo\/image\/\",\"url\":\"https:\/\/www.thebusinesscouncil.ca\/wp-content\/uploads\/2020\/10\/Business-Council-of-Canada-Generic.png\",\"contentUrl\":\"https:\/\/www.thebusinesscouncil.ca\/wp-content\/uploads\/2020\/10\/Business-Council-of-Canada-Generic.png\",\"width\":1440,\"height\":900,\"caption\":\"Business Council of Canada\"},\"image\":{\"@id\":\"https:\/\/www.thebusinesscouncil.ca\/#\/schema\/logo\/image\/\"},\"sameAs\":[\"https:\/\/x.com\/BizCouncilofCan\",\"https:\/\/www.linkedin.com\/company\/business-council-of-canda\",\"https:\/\/www.youtube.com\/user\/CdnCEOCouncil\"]}]}<\/script>\n<!-- \/ Yoast SEO plugin. -->","yoast_head_json":{"title":"Sujets | Business Council of Canada","robots":{"index":"index","follow":"follow","max-snippet":"max-snippet:-1","max-image-preview":"max-image-preview:large","max-video-preview":"max-video-preview:-1"},"canonical":"https:\/\/www.thebusinesscouncil.ca\/fr\/sujets\/","og_locale":"fr_FR","og_type":"article","og_title":"Sujets | Business Council of Canada","og_description":"R\u00f4le du Canada dans le monde La prosp\u00e9rit\u00e9 du Canada est tributaire de la stabilit\u00e9 mondiale, d\u2019un syst\u00e8me de commerce multilat\u00e9ral bas\u00e9 sur des r\u00e8gles, de la coop\u00e9ration de partenaires aux vues similaires et du respect des \u00c9tats souverains. En...","og_url":"https:\/\/www.thebusinesscouncil.ca\/fr\/sujets\/","og_site_name":"Business Council of Canada","article_modified_time":"2020-11-15T15:24:12+00:00","og_image":[{"url":"https:\/\/www.thebusinesscouncil.ca\/wp-content\/uploads\/2020\/11\/Topics-Canadas-Place-in-the-World-icon.jpg","type":"","width":"","height":""}],"twitter_card":"summary_large_image","twitter_site":"@BizCouncilofCan","schema":{"@context":"https:\/\/schema.org","@graph":[{"@type":"WebPage","@id":"https:\/\/www.thebusinesscouncil.ca\/fr\/sujets\/","url":"https:\/\/www.thebusinesscouncil.ca\/fr\/sujets\/","name":"Sujets | Business Council of Canada","isPartOf":{"@id":"https:\/\/www.thebusinesscouncil.ca\/#website"},"primaryImageOfPage":{"@id":"https:\/\/www.thebusinesscouncil.ca\/fr\/sujets\/#primaryimage"},"image":{"@id":"https:\/\/www.thebusinesscouncil.ca\/fr\/sujets\/#primaryimage"},"thumbnailUrl":"https:\/\/www.thebusinesscouncil.ca\/wp-content\/uploads\/2020\/11\/Topics-Canadas-Place-in-the-World-icon.jpg","datePublished":"2020-10-30T12:27:49+00:00","dateModified":"2020-11-15T15:24:12+00:00","breadcrumb":{"@id":"https:\/\/www.thebusinesscouncil.ca\/fr\/sujets\/#breadcrumb"},"inLanguage":"fr-FR","potentialAction":[{"@type":"ReadAction","target":["https:\/\/www.thebusinesscouncil.ca\/fr\/sujets\/"]}]},{"@type":"ImageObject","inLanguage":"fr-FR","@id":"https:\/\/www.thebusinesscouncil.ca\/fr\/sujets\/#primaryimage","url":"https:\/\/www.thebusinesscouncil.ca\/wp-content\/uploads\/2020\/11\/Topics-Canadas-Place-in-the-World-icon.jpg","contentUrl":"https:\/\/www.thebusinesscouncil.ca\/wp-content\/uploads\/2020\/11\/Topics-Canadas-Place-in-the-World-icon.jpg"},{"@type":"BreadcrumbList","@id":"https:\/\/www.thebusinesscouncil.ca\/fr\/sujets\/#breadcrumb","itemListElement":[{"@type":"ListItem","position":1,"name":"Home","item":"https:\/\/www.thebusinesscouncil.ca\/fr\/"},{"@type":"ListItem","position":2,"name":"Sujets"}]},{"@type":"WebSite","@id":"https:\/\/www.thebusinesscouncil.ca\/#website","url":"https:\/\/www.thebusinesscouncil.ca\/","name":"Business Council of Canada","description":"","publisher":{"@id":"https:\/\/www.thebusinesscouncil.ca\/#organization"},"potentialAction":[{"@type":"SearchAction","target":{"@type":"EntryPoint","urlTemplate":"https:\/\/www.thebusinesscouncil.ca\/?s={search_term_string}"},"query-input":{"@type":"PropertyValueSpecification","valueRequired":true,"valueName":"search_term_string"}}],"inLanguage":"fr-FR"},{"@type":"Organization","@id":"https:\/\/www.thebusinesscouncil.ca\/#organization","name":"Business Council of Canada","url":"https:\/\/www.thebusinesscouncil.ca\/","logo":{"@type":"ImageObject","inLanguage":"fr-FR","@id":"https:\/\/www.thebusinesscouncil.ca\/#\/schema\/logo\/image\/","url":"https:\/\/www.thebusinesscouncil.ca\/wp-content\/uploads\/2020\/10\/Business-Council-of-Canada-Generic.png","contentUrl":"https:\/\/www.thebusinesscouncil.ca\/wp-content\/uploads\/2020\/10\/Business-Council-of-Canada-Generic.png","width":1440,"height":900,"caption":"Business Council of Canada"},"image":{"@id":"https:\/\/www.thebusinesscouncil.ca\/#\/schema\/logo\/image\/"},"sameAs":["https:\/\/x.com\/BizCouncilofCan","https:\/\/www.linkedin.com\/company\/business-council-of-canda","https:\/\/www.youtube.com\/user\/CdnCEOCouncil"]}]}},"publishpress_future_action":{"enabled":false,"date":"2026-05-06 21:04:44","action":"change-status","newStatus":"draft","terms":[],"taxonomy":"translation_priority","extraData":[]},"publishpress_future_workflow_manual_trigger":{"enabledWorkflows":[]},"_links":{"self":[{"href":"https:\/\/www.thebusinesscouncil.ca\/fr\/wp-json\/wp\/v2\/pages\/5387","targetHints":{"allow":["GET"]}}],"collection":[{"href":"https:\/\/www.thebusinesscouncil.ca\/fr\/wp-json\/wp\/v2\/pages"}],"about":[{"href":"https:\/\/www.thebusinesscouncil.ca\/fr\/wp-json\/wp\/v2\/types\/page"}],"author":[{"embeddable":true,"href":"https:\/\/www.thebusinesscouncil.ca\/fr\/wp-json\/wp\/v2\/users\/3"}],"replies":[{"embeddable":true,"href":"https:\/\/www.thebusinesscouncil.ca\/fr\/wp-json\/wp\/v2\/comments?post=5387"}],"version-history":[{"count":0,"href":"https:\/\/www.thebusinesscouncil.ca\/fr\/wp-json\/wp\/v2\/pages\/5387\/revisions"}],"wp:attachment":[{"href":"https:\/\/www.thebusinesscouncil.ca\/fr\/wp-json\/wp\/v2\/media?parent=5387"}],"wp:term":[{"taxonomy":"post_types","embeddable":true,"href":"https:\/\/www.thebusinesscouncil.ca\/fr\/wp-json\/wp\/v2\/post_types?post=5387"},{"taxonomy":"topics","embeddable":true,"href":"https:\/\/www.thebusinesscouncil.ca\/fr\/wp-json\/wp\/v2\/topics?post=5387"},{"taxonomy":"wf_page_folders","embeddable":true,"href":"https:\/\/www.thebusinesscouncil.ca\/fr\/wp-json\/wp\/v2\/wf_page_folders?post=5387"}],"curies":[{"name":"wp","href":"https:\/\/api.w.org\/{rel}","templated":true}]}}